{"id":20192,"date":"2022-08-19T15:48:45","date_gmt":"2022-08-19T13:48:45","guid":{"rendered":"https:\/\/www.parkhotel-sonnenberg.com\/?page_id=20192"},"modified":"2025-05-14T13:43:09","modified_gmt":"2025-05-14T11:43:09","slug":"doppelzimmer-komfort-zur-hofseite","status":"publish","type":"page","link":"https:\/\/parkhotel-sonnenberg.com\/en\/zimmer-1\/doppelzimmer-komfort-zur-hofseite\/","title":{"rendered":"Comfort Double Room, courtyard-facing"},"content":{"rendered":"<div class=\"wpb-content-wrapper\"><div class=\"vc_row wpb_row section vc_row-fluid \" style=' text-align:left;'><div class=\" full_section_inner clearfix\"><div class=\"wpb_column vc_column_container vc_col-sm-3\"><div class=\"vc_column-inner\"><div class=\"wpb_wrapper\"><\/div><\/div><\/div><div class=\"wpb_column vc_column_container vc_col-sm-6\"><div class=\"vc_column-inner\"><div class=\"wpb_wrapper\"><div class=\"vc_empty_space\"  style=\"height: 128px\" >\n\t<span class=\"vc_empty_space_inner\">\n\t\t<span class=\"empty_space_image\"  ><\/span>\n\t<\/span>\n<\/div><div class=\"vc_empty_space\"  style=\"height: 128px\" >\n\t<span class=\"vc_empty_space_inner\">\n\t\t<span class=\"empty_space_image\"  ><\/span>\n\t<\/span>\n<\/div><\/div><\/div><\/div><div class=\"wpb_column vc_column_container vc_col-sm-3\"><div class=\"vc_column-inner\"><div class=\"wpb_wrapper\"><\/div><\/div><\/div><\/div><\/div><div      class=\"vc_row wpb_row section vc_row-fluid  vc_custom_1689779257303\" style=' text-align:left;'><div class=\" full_section_inner clearfix\"><div class=\"wpb_column vc_column_container vc_col-sm-3\"><div class=\"vc_column-inner\"><div class=\"wpb_wrapper\"><\/div><\/div><\/div><div class=\"wpb_column vc_column_container vc_col-sm-6\"><div class=\"vc_column-inner\"><div class=\"wpb_wrapper\">\n\t<div class=\"wpb_text_column wpb_content_element \">\n\t\t<div class=\"wpb_wrapper\">\n\t\t\t<h2 style=\"text-align: center; color: white;\"><strong>Doppelzimmer-Komfort zur Hofseite<\/strong><\/h2>\n\n\t\t<\/div>\n\t<\/div><\/div><\/div><\/div><div class=\"wpb_column vc_column_container vc_col-sm-3\"><div class=\"vc_column-inner\"><div class=\"wpb_wrapper\"><\/div><\/div><\/div><\/div><\/div><div      class=\"vc_row wpb_row section vc_row-fluid \" style=' text-align:left;'><div class=\" full_section_inner clearfix\"><div class=\"wpb_column vc_column_container vc_col-sm-3\"><div class=\"vc_column-inner\"><div class=\"wpb_wrapper\"><\/div><\/div><\/div><div class=\"wpb_column vc_column_container vc_col-sm-6\"><div class=\"vc_column-inner\"><div class=\"wpb_wrapper\"><div class=\"vc_empty_space\"  style=\"height: 32px\" >\n\t<span class=\"vc_empty_space_inner\">\n\t\t<span class=\"empty_space_image\"  ><\/span>\n\t<\/span>\n<\/div><\/div><\/div><\/div><div class=\"wpb_column vc_column_container vc_col-sm-3\"><div class=\"vc_column-inner\"><div class=\"wpb_wrapper\"><\/div><\/div><\/div><\/div><\/div><div      class=\"vc_row wpb_row section vc_row-fluid \" style=' text-align:left;'><div class=\" full_section_inner clearfix\"><div class=\"wpb_column vc_column_container vc_col-sm-3\"><div class=\"vc_column-inner\"><div class=\"wpb_wrapper\"><\/div><\/div><\/div><div class=\"wpb_column vc_column_container vc_col-sm-6\"><div class=\"vc_column-inner\"><div class=\"wpb_wrapper\">\n\t<div class=\"wpb_text_column wpb_content_element \">\n\t\t<div class=\"wpb_wrapper\">\n\t\t\t<p><strong>Komfort Doppelzimmer Hof<\/strong><\/p>\n<p><strong>f\u00fcr 1-2 Personen<\/strong><\/p>\n<p>&nbsp;<\/p>\n<p>Unsere Komfort Doppezimmer mit Hofblick sind frisch renoviert und verf\u00fcgen alle \u00fcber einen Balkon zum Entspannen sowie eine Klimaanlage.<\/p>\n\n\t\t<\/div>\n\t<\/div><div class=\"vc_empty_space\"  style=\"height: 32px\" >\n\t<span class=\"vc_empty_space_inner\">\n\t\t<span class=\"empty_space_image\"  ><\/span>\n\t<\/span>\n<\/div><a  itemprop=\"url\" href=\"#\" target=\"_self\" data-hover-background-color=\"#a8b833\" data-hover-border-color=\"#a8b833\" data-hover-color=\"#ffffff\" class=\"qbutton  small default d21-trigger-ibe room-82160\" style=\"color: #000000; border-color: #a8b833; background-color:#a8b833;\">jetzt buchen<i class=\"qode_icon_font_awesome fa fa-angle-right qode_button_icon_element\" style=\"color: #000000\"><\/i><\/a><\/div><\/div><\/div><div class=\"wpb_column vc_column_container vc_col-sm-3\"><div class=\"vc_column-inner\"><div class=\"wpb_wrapper\"><\/div><\/div><\/div><\/div><\/div><div      class=\"vc_row wpb_row section vc_row-fluid \" style=' text-align:left;'><div class=\" full_section_inner clearfix\"><div class=\"wpb_column vc_column_container vc_col-sm-3\"><div class=\"vc_column-inner\"><div class=\"wpb_wrapper\"><\/div><\/div><\/div><div class=\"wpb_column vc_column_container vc_col-sm-6\"><div class=\"vc_column-inner\"><div class=\"wpb_wrapper\"><div class=\"vc_empty_space\"  style=\"height: 32px\" >\n\t<span class=\"vc_empty_space_inner\">\n\t\t<span class=\"empty_space_image\"  ><\/span>\n\t<\/span>\n<\/div><\/div><\/div><\/div><div class=\"wpb_column vc_column_container vc_col-sm-3\"><div class=\"vc_column-inner\"><div class=\"wpb_wrapper\"><\/div><\/div><\/div><\/div><\/div><div      class=\"vc_row wpb_row section vc_row-fluid \" style=' text-align:left;'><div class=\" full_section_inner clearfix\"><div class=\"wpb_column vc_column_container vc_col-sm-3\"><div class=\"vc_column-inner\"><div class=\"wpb_wrapper\"><\/div><\/div><\/div><div class=\"wpb_column vc_column_container vc_col-sm-6\"><div class=\"vc_column-inner\"><div class=\"wpb_wrapper\"><div class=\"wpb_gallery wpb_content_element vc_clearfix  zimmerbeispiele\"><div class=\"wpb_wrapper\"><div class=\"wpb_gallery_slides wpb_slider_nivo theme-default\" data-interval=\"3\"><div class=\"nivoSlider\"><a itemprop=\"image\" class=\"qode-prettyphoto\" href=\"https:\/\/parkhotel-sonnenberg.com\/wp-content\/uploads\/2022\/08\/Komfort12.jpg\" data-rel=\"prettyPhoto[rel-20192-694362743]\"><img decoding=\"async\" class=\"\" src=\"https:\/\/parkhotel-sonnenberg.com\/wp-content\/uploads\/2022\/08\/Komfort12-700x500.jpg\" width=\"700\" height=\"500\" alt=\"Komfort12\" title=\"Komfort12\" loading=\"lazy\" \/><\/a><a itemprop=\"image\" class=\"qode-prettyphoto\" href=\"https:\/\/parkhotel-sonnenberg.com\/wp-content\/uploads\/2022\/08\/Komfort9.jpg\" data-rel=\"prettyPhoto[rel-20192-694362743]\"><img decoding=\"async\" class=\"\" src=\"https:\/\/parkhotel-sonnenberg.com\/wp-content\/uploads\/2022\/08\/Komfort9-700x500.jpg\" width=\"700\" height=\"500\" alt=\"Komfort9\" title=\"Komfort9\" loading=\"lazy\" \/><\/a><a itemprop=\"image\" class=\"qode-prettyphoto\" href=\"https:\/\/parkhotel-sonnenberg.com\/wp-content\/uploads\/2022\/08\/Komfort8-1.jpg\" data-rel=\"prettyPhoto[rel-20192-694362743]\"><img decoding=\"async\" class=\"\" src=\"https:\/\/parkhotel-sonnenberg.com\/wp-content\/uploads\/2022\/08\/Komfort8-1-700x500.jpg\" width=\"700\" height=\"500\" alt=\"Komfort8\" title=\"Komfort8\" loading=\"lazy\" \/><\/a><a itemprop=\"image\" class=\"qode-prettyphoto\" href=\"https:\/\/parkhotel-sonnenberg.com\/wp-content\/uploads\/2023\/07\/comfort23-1024x880.jpg\" data-rel=\"prettyPhoto[rel-20192-694362743]\"><img decoding=\"async\" class=\"\" src=\"https:\/\/parkhotel-sonnenberg.com\/wp-content\/uploads\/2023\/07\/comfort23-700x500.jpg\" width=\"700\" height=\"500\" alt=\"comfort23\" title=\"comfort23\" loading=\"lazy\" \/><\/a><a itemprop=\"image\" class=\"qode-prettyphoto\" href=\"https:\/\/parkhotel-sonnenberg.com\/wp-content\/uploads\/2022\/08\/Komfort10.jpg\" data-rel=\"prettyPhoto[rel-20192-694362743]\"><img decoding=\"async\" class=\"\" src=\"https:\/\/parkhotel-sonnenberg.com\/wp-content\/uploads\/2022\/08\/Komfort10-700x500.jpg\" width=\"700\" height=\"500\" alt=\"Komfort10\" title=\"Komfort10\" loading=\"lazy\" \/><\/a><a itemprop=\"image\" class=\"qode-prettyphoto\" href=\"https:\/\/parkhotel-sonnenberg.com\/wp-content\/uploads\/2022\/08\/Komfort11.jpg\" data-rel=\"prettyPhoto[rel-20192-694362743]\"><img decoding=\"async\" class=\"\" src=\"https:\/\/parkhotel-sonnenberg.com\/wp-content\/uploads\/2022\/08\/Komfort11-700x500.jpg\" width=\"700\" height=\"500\" alt=\"Komfort11\" title=\"Komfort11\" loading=\"lazy\" \/><\/a><a itemprop=\"image\" class=\"qode-prettyphoto\" href=\"https:\/\/parkhotel-sonnenberg.com\/wp-content\/uploads\/2022\/08\/Komfort13.jpg\" data-rel=\"prettyPhoto[rel-20192-694362743]\"><img decoding=\"async\" class=\"\" src=\"https:\/\/parkhotel-sonnenberg.com\/wp-content\/uploads\/2022\/08\/Komfort13-700x500.jpg\" width=\"700\" height=\"500\" alt=\"Komfort13\" title=\"Komfort13\" loading=\"lazy\" \/><\/a><a itemprop=\"image\" class=\"qode-prettyphoto\" href=\"https:\/\/parkhotel-sonnenberg.com\/wp-content\/uploads\/2023\/07\/comfort11-1-878x1024.jpg\" data-rel=\"prettyPhoto[rel-20192-694362743]\"><img decoding=\"async\" class=\"\" src=\"https:\/\/parkhotel-sonnenberg.com\/wp-content\/uploads\/2023\/07\/comfort11-1-700x500.jpg\" width=\"700\" height=\"500\" alt=\"comfort11-1\" title=\"comfort11-1\" loading=\"lazy\" \/><\/a><\/div><\/div><\/div><\/div><\/div><\/div><\/div><div class=\"wpb_column vc_column_container vc_col-sm-3\"><div class=\"vc_column-inner\"><div class=\"wpb_wrapper\"><\/div><\/div><\/div><\/div><\/div><div      class=\"vc_row wpb_row section vc_row-fluid \" style=' text-align:left;'><div class=\" full_section_inner clearfix\"><div class=\"wpb_column vc_column_container vc_col-sm-3\"><div class=\"vc_column-inner\"><div class=\"wpb_wrapper\"><\/div><\/div><\/div><div class=\"wpb_column vc_column_container vc_col-sm-6\"><div class=\"vc_column-inner\"><div class=\"wpb_wrapper\"><div class=\"vc_empty_space\"  style=\"height: 64px\" >\n\t<span class=\"vc_empty_space_inner\">\n\t\t<span class=\"empty_space_image\"  ><\/span>\n\t<\/span>\n<\/div><\/div><\/div><\/div><div class=\"wpb_column vc_column_container vc_col-sm-3\"><div class=\"vc_column-inner\"><div class=\"wpb_wrapper\"><\/div><\/div><\/div><\/div><\/div><div      class=\"vc_row wpb_row section vc_row-fluid \" style=' text-align:left;'><div class=\" full_section_inner clearfix\"><div class=\"wpb_column vc_column_container vc_col-sm-3\"><div class=\"vc_column-inner\"><div class=\"wpb_wrapper\"><\/div><\/div><\/div><div class=\"wpb_column vc_column_container vc_col-sm-3\"><div class=\"vc_column-inner\"><div class=\"wpb_wrapper\"><div class='q_icon_with_title tiny custom_icon_image '><div class=\"icon_holder \" style=\" \"><img decoding=\"async\" src=\"https:\/\/parkhotel-sonnenberg.com\/wp-content\/uploads\/2022\/08\/interface-1.png\" alt=\"\"><\/div><div class=\"icon_text_holder\" style=\"\"><div class=\"icon_text_inner\" style=\"\"><h5 class=\"icon_title\" style=\"\">22 m\u00b2<\/h5><p style=''><\/p><\/div><\/div><\/div><\/div><\/div><\/div><div class=\"wpb_column vc_column_container vc_col-sm-3\"><div class=\"vc_column-inner\"><div class=\"wpb_wrapper\"><div class='q_icon_with_title tiny custom_icon_image '><div class=\"icon_holder \" style=\" \"><img decoding=\"async\" src=\"https:\/\/parkhotel-sonnenberg.com\/wp-content\/uploads\/2022\/08\/star_icon-icons.com_73394.png\" alt=\"\"><\/div><div class=\"icon_text_holder\" style=\"\"><div class=\"icon_text_inner\" style=\"\"><h5 class=\"icon_title\" style=\"\">Dusche<\/h5><p style=''><\/p><\/div><\/div><\/div><\/div><\/div><\/div><div class=\"wpb_column vc_column_container vc_col-sm-3\"><div class=\"vc_column-inner\"><div class=\"wpb_wrapper\"><\/div><\/div><\/div><\/div><\/div><div      class=\"vc_row wpb_row section vc_row-fluid \" style=' text-align:left;'><div class=\" full_section_inner clearfix\"><div class=\"wpb_column vc_column_container vc_col-sm-3\"><div class=\"vc_column-inner\"><div class=\"wpb_wrapper\"><\/div><\/div><\/div><div class=\"wpb_column vc_column_container vc_col-sm-3\"><div class=\"vc_column-inner\"><div class=\"wpb_wrapper\"><div class='q_icon_with_title tiny custom_icon_image '><div class=\"icon_holder \" style=\" \"><img decoding=\"async\" src=\"https:\/\/parkhotel-sonnenberg.com\/wp-content\/uploads\/2022\/08\/star_icon-icons.com_73394.png\" alt=\"\"><\/div><div class=\"icon_text_holder\" style=\"\"><div class=\"icon_text_inner\" style=\"\"><h5 class=\"icon_title\" style=\"\">F\u00f6hn<\/h5><p style=''><\/p><\/div><\/div><\/div><\/div><\/div><\/div><div class=\"wpb_column vc_column_container vc_col-sm-3\"><div class=\"vc_column-inner\"><div class=\"wpb_wrapper\"><div class='q_icon_with_title tiny custom_icon_image '><div class=\"icon_holder \" style=\" \"><img decoding=\"async\" src=\"https:\/\/parkhotel-sonnenberg.com\/wp-content\/uploads\/2022\/08\/wifi-medium-signal-symbol-1_icon-icons.com_56451.png\" alt=\"\"><\/div><div class=\"icon_text_holder\" style=\"\"><div class=\"icon_text_inner\" style=\"\"><h5 class=\"icon_title\" style=\"\">Gratis WLAN<\/h5><p style=''><\/p><\/div><\/div><\/div><\/div><\/div><\/div><div class=\"wpb_column vc_column_container vc_col-sm-3\"><div class=\"vc_column-inner\"><div class=\"wpb_wrapper\"><\/div><\/div><\/div><\/div><\/div><div      class=\"vc_row wpb_row section vc_row-fluid \" style=' text-align:left;'><div class=\" full_section_inner clearfix\"><div class=\"wpb_column vc_column_container vc_col-sm-3\"><div class=\"vc_column-inner\"><div class=\"wpb_wrapper\"><\/div><\/div><\/div><div class=\"wpb_column vc_column_container vc_col-sm-3\"><div class=\"vc_column-inner\"><div class=\"wpb_wrapper\"><div class='q_icon_with_title tiny custom_icon_image '><div class=\"icon_holder \" style=\" \"><img decoding=\"async\" src=\"https:\/\/parkhotel-sonnenberg.com\/wp-content\/uploads\/2022\/08\/1486071969-8_79332.png\" alt=\"\"><\/div><div class=\"icon_text_holder\" style=\"\"><div class=\"icon_text_inner\" style=\"\"><h5 class=\"icon_title\" style=\"\">Minibar<\/h5><p style=''><\/p><\/div><\/div><\/div><\/div><\/div><\/div><div class=\"wpb_column vc_column_container vc_col-sm-3\"><div class=\"vc_column-inner\"><div class=\"wpb_wrapper\"><div class='q_icon_with_title tiny custom_icon_image '><div class=\"icon_holder \" style=\" \"><img decoding=\"async\" src=\"https:\/\/parkhotel-sonnenberg.com\/wp-content\/uploads\/2022\/08\/cigarette3_41343.png\" alt=\"\"><\/div><div class=\"icon_text_holder\" style=\"\"><div class=\"icon_text_inner\" style=\"\"><h5 class=\"icon_title\" style=\"\">Nichtraucher<\/h5><p style=''><\/p><\/div><\/div><\/div><\/div><\/div><\/div><div class=\"wpb_column vc_column_container vc_col-sm-3\"><div class=\"vc_column-inner\"><div class=\"wpb_wrapper\"><\/div><\/div><\/div><\/div><\/div><div      class=\"vc_row wpb_row section vc_row-fluid \" style=' text-align:left;'><div class=\" full_section_inner clearfix\"><div class=\"wpb_column vc_column_container vc_col-sm-3\"><div class=\"vc_column-inner\"><div class=\"wpb_wrapper\"><\/div><\/div><\/div><div class=\"wpb_column vc_column_container vc_col-sm-3\"><div class=\"vc_column-inner\"><div class=\"wpb_wrapper\"><div class='q_icon_with_title tiny custom_icon_image '><div class=\"icon_holder \" style=\" \"><img decoding=\"async\" src=\"https:\/\/parkhotel-sonnenberg.com\/wp-content\/uploads\/2022\/08\/star_icon-icons.com_73394.png\" alt=\"\"><\/div><div class=\"icon_text_holder\" style=\"\"><div class=\"icon_text_inner\" style=\"\"><h5 class=\"icon_title\" style=\"\">Rauchmelder<\/h5><p style=''><\/p><\/div><\/div><\/div><\/div><\/div><\/div><div class=\"wpb_column vc_column_container vc_col-sm-3\"><div class=\"vc_column-inner\"><div class=\"wpb_wrapper\"><div class='q_icon_with_title tiny custom_icon_image '><div class=\"icon_holder \" style=\" \"><img decoding=\"async\" src=\"https:\/\/parkhotel-sonnenberg.com\/wp-content\/uploads\/2022\/08\/star_icon-icons.com_73394.png\" alt=\"\"><\/div><div class=\"icon_text_holder\" style=\"\"><div class=\"icon_text_inner\" style=\"\"><h5 class=\"icon_title\" style=\"\">Schreibtisch<\/h5><p style=''><\/p><\/div><\/div><\/div><\/div><\/div><\/div><div class=\"wpb_column vc_column_container vc_col-sm-3\"><div class=\"vc_column-inner\"><div class=\"wpb_wrapper\"><\/div><\/div><\/div><\/div><\/div><div      class=\"vc_row wpb_row section vc_row-fluid \" style=' text-align:left;'><div class=\" full_section_inner clearfix\"><div class=\"wpb_column vc_column_container vc_col-sm-3\"><div class=\"vc_column-inner\"><div class=\"wpb_wrapper\"><\/div><\/div><\/div><div class=\"wpb_column vc_column_container vc_col-sm-3\"><div class=\"vc_column-inner\"><div class=\"wpb_wrapper\"><div class='q_icon_with_title tiny custom_icon_image '><div class=\"icon_holder \" style=\" \"><img decoding=\"async\" src=\"https:\/\/parkhotel-sonnenberg.com\/wp-content\/uploads\/2022\/08\/phone-call-auricular-symbol-in-black_icon-icons.com_56483.png\" alt=\"\"><\/div><div class=\"icon_text_holder\" style=\"\"><div class=\"icon_text_inner\" style=\"\"><h5 class=\"icon_title\" style=\"\">Telefon<\/h5><p style=''><\/p><\/div><\/div><\/div><\/div><\/div><\/div><div class=\"wpb_column vc_column_container vc_col-sm-3\"><div class=\"vc_column-inner\"><div class=\"wpb_wrapper\"><div class='q_icon_with_title tiny custom_icon_image '><div class=\"icon_holder \" style=\" \"><img decoding=\"async\" src=\"https:\/\/parkhotel-sonnenberg.com\/wp-content\/uploads\/2022\/08\/star_icon-icons.com_73394.png\" alt=\"\"><\/div><div class=\"icon_text_holder\" style=\"\"><div class=\"icon_text_inner\" style=\"\"><h5 class=\"icon_title\" style=\"\">Zentralheizung<\/h5><p style=''><\/p><\/div><\/div><\/div><\/div><\/div><\/div><div class=\"wpb_column vc_column_container vc_col-sm-3\"><div class=\"vc_column-inner\"><div class=\"wpb_wrapper\"><\/div><\/div><\/div><\/div><\/div><div      class=\"vc_row wpb_row section vc_row-fluid \" style=' text-align:left;'><div class=\" full_section_inner clearfix\"><div class=\"wpb_column vc_column_container vc_col-sm-3\"><div class=\"vc_column-inner\"><div class=\"wpb_wrapper\"><\/div><\/div><\/div><div class=\"wpb_column vc_column_container vc_col-sm-3\"><div class=\"vc_column-inner\"><div class=\"wpb_wrapper\"><div class='q_icon_with_title tiny custom_icon_image '><div class=\"icon_holder \" style=\" \"><img decoding=\"async\" src=\"https:\/\/parkhotel-sonnenberg.com\/wp-content\/uploads\/2022\/08\/3339041-business-tools-safebox_106930.png\" alt=\"\"><\/div><div class=\"icon_text_holder\" style=\"\"><div class=\"icon_text_inner\" style=\"\"><h5 class=\"icon_title\" style=\"\">Safe<\/h5><p style=''><\/p><\/div><\/div><\/div><\/div><\/div><\/div><div class=\"wpb_column vc_column_container vc_col-sm-3\"><div class=\"vc_column-inner\"><div class=\"wpb_wrapper\"><div class='q_icon_with_title tiny custom_icon_image '><div class=\"icon_holder \" style=\" \"><img decoding=\"async\" src=\"https:\/\/parkhotel-sonnenberg.com\/wp-content\/uploads\/2022\/08\/towel_clean_bathroom_hand_towel_icon_196856.png\" alt=\"\"><\/div><div class=\"icon_text_holder\" style=\"\"><div class=\"icon_text_inner\" style=\"\"><h5 class=\"icon_title\" style=\"\">Kostenfreie Pflegeprodukte<\/h5><p style=''><\/p><\/div><\/div><\/div><\/div><\/div><\/div><div class=\"wpb_column vc_column_container vc_col-sm-3\"><div class=\"vc_column-inner\"><div class=\"wpb_wrapper\"><\/div><\/div><\/div><\/div><\/div><div      class=\"vc_row wpb_row section vc_row-fluid \" style=' text-align:left;'><div class=\" full_section_inner clearfix\"><div class=\"wpb_column vc_column_container vc_col-sm-3\"><div class=\"vc_column-inner\"><div class=\"wpb_wrapper\"><\/div><\/div><\/div><div class=\"wpb_column vc_column_container vc_col-sm-3\"><div class=\"vc_column-inner\"><div class=\"wpb_wrapper\"><div class='q_icon_with_title tiny custom_icon_image '><div class=\"icon_holder \" style=\" \"><img decoding=\"async\" src=\"https:\/\/parkhotel-sonnenberg.com\/wp-content\/uploads\/2022\/08\/star_icon-icons.com_73394.png\" alt=\"\"><\/div><div class=\"icon_text_holder\" style=\"\"><div class=\"icon_text_inner\" style=\"\"><h5 class=\"icon_title\" style=\"\">Kosmetikspiegel<\/h5><p style=''><\/p><\/div><\/div><\/div><\/div><\/div><\/div><div class=\"wpb_column vc_column_container vc_col-sm-3\"><div class=\"vc_column-inner\"><div class=\"wpb_wrapper\"><div class='q_icon_with_title tiny custom_icon_image '><div class=\"icon_holder \" style=\" \"><img decoding=\"async\" src=\"https:\/\/parkhotel-sonnenberg.com\/wp-content\/uploads\/2022\/08\/star_icon-icons.com_73394.png\" alt=\"\"><\/div><div class=\"icon_text_holder\" style=\"\"><div class=\"icon_text_inner\" style=\"\"><h5 class=\"icon_title\" style=\"\">Leseleuchte<\/h5><p style=''><\/p><\/div><\/div><\/div><\/div><\/div><\/div><div class=\"wpb_column vc_column_container vc_col-sm-3\"><div class=\"vc_column-inner\"><div class=\"wpb_wrapper\"><\/div><\/div><\/div><\/div><\/div><div      class=\"vc_row wpb_row section vc_row-fluid \" style=' text-align:left;'><div class=\" full_section_inner clearfix\"><div class=\"wpb_column vc_column_container vc_col-sm-3\"><div class=\"vc_column-inner\"><div class=\"wpb_wrapper\"><\/div><\/div><\/div><div class=\"wpb_column vc_column_container vc_col-sm-3\"><div class=\"vc_column-inner\"><div class=\"wpb_wrapper\"><div class='q_icon_with_title tiny custom_icon_image '><div class=\"icon_holder \" style=\" \"><img decoding=\"async\" src=\"https:\/\/parkhotel-sonnenberg.com\/wp-content\/uploads\/2022\/08\/star_icon-icons.com_73394.png\" alt=\"\"><\/div><div class=\"icon_text_holder\" style=\"\"><div class=\"icon_text_inner\" style=\"\"><h5 class=\"icon_title\" style=\"\">Kingsize-Bett<\/h5><p style=''><\/p><\/div><\/div><\/div><\/div><\/div><\/div><div class=\"wpb_column vc_column_container vc_col-sm-3\"><div class=\"vc_column-inner\"><div class=\"wpb_wrapper\"><div class='q_icon_with_title tiny custom_icon_image '><div class=\"icon_holder \" style=\" \"><img decoding=\"async\" src=\"https:\/\/parkhotel-sonnenberg.com\/wp-content\/uploads\/2022\/08\/star_icon-icons.com_73394.png\" alt=\"\"><\/div><div class=\"icon_text_holder\" style=\"\"><div class=\"icon_text_inner\" style=\"\"><h5 class=\"icon_title\" style=\"\">Boxspringbett<\/h5><p style=''><\/p><\/div><\/div><\/div><\/div><\/div><\/div><div class=\"wpb_column vc_column_container vc_col-sm-3\"><div class=\"vc_column-inner\"><div class=\"wpb_wrapper\"><\/div><\/div><\/div><\/div><\/div><div      class=\"vc_row wpb_row section vc_row-fluid \" style=' text-align:left;'><div class=\" full_section_inner clearfix\"><div class=\"wpb_column vc_column_container vc_col-sm-3\"><div class=\"vc_column-inner\"><div class=\"wpb_wrapper\"><\/div><\/div><\/div><div class=\"wpb_column vc_column_container vc_col-sm-3\"><div class=\"vc_column-inner\"><div class=\"wpb_wrapper\"><div class='q_icon_with_title tiny custom_icon_image '><div class=\"icon_holder \" style=\" \"><img decoding=\"async\" src=\"https:\/\/parkhotel-sonnenberg.com\/wp-content\/uploads\/2022\/08\/star_icon-icons.com_73394.png\" alt=\"\"><\/div><div class=\"icon_text_holder\" style=\"\"><div class=\"icon_text_inner\" style=\"\"><h5 class=\"icon_title\" style=\"\">Wasserkocher mit Tee und Kaffee<\/h5><p style=''><\/p><\/div><\/div><\/div><\/div><\/div><\/div><div class=\"wpb_column vc_column_container vc_col-sm-3\"><div class=\"vc_column-inner\"><div class=\"wpb_wrapper\"><\/div><\/div><\/div><\/div><\/div><div      class=\"vc_row wpb_row section vc_row-fluid \" style=' text-align:left;'><div class=\" full_section_inner clearfix\"><div class=\"wpb_column vc_column_container vc_col-sm-12\"><div class=\"vc_column-inner\"><div class=\"wpb_wrapper\"><div class=\"vc_empty_space\"  style=\"height: 32px\" >\n\t<span class=\"vc_empty_space_inner\">\n\t\t<span class=\"empty_space_image\"  ><\/span>\n\t<\/span>\n<\/div><\/div><\/div><\/div><\/div><\/div>\n<\/div>","protected":false},"excerpt":{"rendered":"Doppelzimmer-Komfort zur Hofseite Komfort Doppelzimmer Hof f\u00fcr 1-2 Personen &nbsp; Unsere Komfort Doppezimmer mit Hofblick sind frisch renoviert und verf\u00fcgen alle \u00fcber einen Balkon zum Entspannen sowie eine Klimaanlage. jetzt buchen 22 m\u00b2DuscheF\u00f6hnGratis WLANMinibarNichtraucherRauchmelderSchreibtischTelefonZentralheizungSafeKostenfreie PflegeprodukteKosmetikspiegelLeseleuchteKingsize-BettBoxspringbettWasserkocher mit Tee und Kaffee","protected":false},"author":7,"featured_media":0,"parent":20147,"menu_order":0,"comment_status":"closed","ping_status":"closed","template":"full_width.php","meta":{"footnotes":""},"class_list":["post-20192","page","type-page","status-publish","hentry"],"_links":{"self":[{"href":"https:\/\/parkhotel-sonnenberg.com\/en\/wp-json\/wp\/v2\/pages\/20192","targetHints":{"allow":["GET"]}}],"collection":[{"href":"https:\/\/parkhotel-sonnenberg.com\/en\/wp-json\/wp\/v2\/pages"}],"about":[{"href":"https:\/\/parkhotel-sonnenberg.com\/en\/wp-json\/wp\/v2\/types\/page"}],"author":[{"embeddable":true,"href":"https:\/\/parkhotel-sonnenberg.com\/en\/wp-json\/wp\/v2\/users\/7"}],"replies":[{"embeddable":true,"href":"https:\/\/parkhotel-sonnenberg.com\/en\/wp-json\/wp\/v2\/comments?post=20192"}],"version-history":[{"count":5,"href":"https:\/\/parkhotel-sonnenberg.com\/en\/wp-json\/wp\/v2\/pages\/20192\/revisions"}],"predecessor-version":[{"id":21064,"href":"https:\/\/parkhotel-sonnenberg.com\/en\/wp-json\/wp\/v2\/pages\/20192\/revisions\/21064"}],"up":[{"embeddable":true,"href":"https:\/\/parkhotel-sonnenberg.com\/en\/wp-json\/wp\/v2\/pages\/20147"}],"wp:attachment":[{"href":"https:\/\/parkhotel-sonnenberg.com\/en\/wp-json\/wp\/v2\/media?parent=20192"}],"curies":[{"name":"wp","href":"https:\/\/api.w.org\/{rel}","templated":true}]}}