{"id":19537,"date":"2020-05-29T10:20:22","date_gmt":"2020-05-29T08:20:22","guid":{"rendered":"https:\/\/www.parkhotel-sonnenberg.com\/?page_id=19537"},"modified":"2023-07-12T15:38:28","modified_gmt":"2023-07-12T13:38:28","slug":"gut-zu-wissen-2","status":"publish","type":"page","link":"https:\/\/parkhotel-sonnenberg.com\/en\/gut-zu-wissen-2\/","title":{"rendered":"Gut zu wissen"},"content":{"rendered":"<div class=\"wpb-content-wrapper\"><div      class=\"vc_row wpb_row section vc_row-fluid\" style=' text-align:left;'><div class=\"full_section_inner clearfix\"><div class=\"wpb_column vc_column_container vc_col-sm-12\"><div class=\"vc_column-inner vc_custom_1414664050729\"><div class=\"wpb_wrapper\"><div class=\"separator  transparent\" style=\"margin-top: 20px;\"><\/div>\n\t<div class=\"wpb_text_column wpb_content_element\">\n\t\t<div class=\"wpb_wrapper\">\n\t\t\t<h1>Gut zu wissen!\u00a0 \u00a0 \u00a0 \u00a0 \u00a0 \u00a0 \u00a0 \u00a0 \u00a0 \u00a0 \u00a0 \u00a0 \u00a0 \u00a0 \u00a0 \u00a0 \u00a0 \u00a0 \u00a0 \u00a0 \u00a0 \u00a0 \u00a0 \u00a0 \u00a0 \u00a0 \u00a0 \u00a0 \u00a0 \u00a0 \u00a0 \u00a0 \u00a0 \u00a0 \u00a0 \u00a0 02.01.23<\/h1>\n<p>&nbsp;<\/p>\n<p>Gerne informieren wir Sie, was wir f\u00fcr Ihre Sicherheit, Ihre Flexibilit\u00e4t bei der Buchung und nat\u00fcrlich f\u00fcr Ihr Wohlbefinden in unserem Haus tun.<\/p>\n<p>&nbsp;<\/p>\n<h3>Muss ich eine Maske tragen?<\/h3>\n<p>Nein &#8211; in unserem Hotel besteht keine Maskenpflicht mehr, wir bitten Sie jedoch in Ihrem eigenen Interesse die Abst\u00e4nde einzuhalten und unsere Desinfektionsspender zu nutzen.<\/p>\n<p>&nbsp;<\/p>\n<h3><strong>Gesch\u00e4ftszeiten:<\/strong><\/h3>\n<p>Unser Hotel ist wie folgt besetzt:<\/p>\n<p>Montag: 8.00 bis 22.00 Uhr<\/p>\n<p>Dienstag bis Freitag 7.00 bis 22.00 Uhr<\/p>\n<p>Samstag:\u00a0 8.00 bis 22.00 Uhr<\/p>\n<p>Sonntag: 8.00 bis 22.00 Uhr<\/p>\n<p>Sollten Sie sp\u00e4ter als 22.00 Uhr anreisen wollen, so kontakten Sie uns f\u00fcr einen Late Check in.<\/p>\n<p>&nbsp;<\/p>\n<h3>Wie l\u00e4uft der Check in ab?<\/h3>\n<p>Wir haben an der Rezeption Plexiglasscheiben aufgestellt, durch die wir Sie und uns sch\u00fctzen k\u00f6nnen. Kugelschreiber und Schl\u00fcsselkarten werden desinfiziert, bevor wir sie Ihnen reichen.<\/p>\n<p>&nbsp;<\/p>\n<h3>Zimmereinigung<\/h3>\n<p>Nach dem Reinigen der Zimmer werden t\u00e4glich alle Oberfl\u00e4chen von h\u00e4ufig angefassten Objekten (z.B. T\u00fcr- und Fenster-Klinken, Wasserh\u00e4hne, Fernbedienung) desinfiziert. Sollten Sie keine Zimmereinigung w\u00fcnschen, nutzen Sie den daf\u00fcr auf dem Zimmer liegenden Flyer und geben ihn an der Rezeption ab.<\/p>\n<p>&nbsp;<\/p>\n<h3>Gibt es Fr\u00fchst\u00fcck?<\/h3>\n<p>Unser reichhaltiges Fr\u00fchst\u00fcck wird in verschiedenen Zeitfenstern angeboten. Unser Rezeptionsteam bespricht mit Ihnen bei Anreise Ihre gew\u00fcnschte Fr\u00fchst\u00fcckszeit.<\/p>\n<p>&nbsp;<\/p>\n<h3>Was ist ge\u00f6ffnet?<\/h3>\n<p>Es sind alle Bereiche wieder ge\u00f6ffnet.<\/p>\n<p>&nbsp;<\/p>\n<h3>Bitte kein Bargeld!<\/h3>\n<p>Wir bitten Sie in der momentanen Zeit bargeldlos zu zahlen.<\/p>\n<p>&nbsp;<\/p>\n<h3>Nach dem Reinigen ist vor dem Reinigen!<\/h3>\n<p>Wir haben unsere Reinigungszyklen noch enger getaktet und desinfizieren insbesondere Lichtschalter, T\u00fcrgriffe, Aufzugskn\u00f6pfe und andere Fl\u00e4chen in \u00f6ffentlichen Bereichen mehrfach am Tag.<\/p>\n<p>&nbsp;<\/p>\n<h3>Kostenfrei stornieren!<\/h3>\n<p>Damit wir Ihnen die h\u00f6chst m\u00f6gliche Flexibilit\u00e4t bei Ihrer Buchung gew\u00e4hren k\u00f6nnen, haben wir spezielle Angebote, bei denen Sie Ihre Reservierung bis kurz vor Ihrer Anreise kostenfrei stornieren k\u00f6nnen.<\/p>\n<h3>R\u00fccksicht!<\/h3>\n<p>Sollten Sie sich vor Ihrem Aufenthalt erk\u00e4ltet f\u00fchlen, so m\u00f6chten wir Sie um R\u00fccksicht bitten und Ihren Besuch bei uns zu verschieben.<\/p>\n<p>Liebe G\u00e4ste,<\/p>\n<p>mit unserem Hygienekonzept sind wir bestens auf die aktuellen Herausforderungen vorbereitet und freuen uns auf viele Sonnenberg-Momente mit Ihnen.<\/p>\n<p>Bis bald im Rheingau !<\/p>\n<p>Ihre Iris Adams-Irlenborn<\/p>\n\n\t\t<\/div>\n\t<\/div><div class=\"separator  normal\" style=\"margin-bottom: 40px;\"><\/div><\/div><\/div><\/div><\/div><\/div>\n<\/div>","protected":false},"excerpt":{"rendered":"Gut zu wissen!\u00a0 \u00a0 \u00a0 \u00a0 \u00a0 \u00a0 \u00a0 \u00a0 \u00a0 \u00a0 \u00a0 \u00a0 \u00a0 \u00a0 \u00a0 \u00a0 \u00a0 \u00a0 \u00a0 \u00a0 \u00a0 \u00a0 \u00a0 \u00a0 \u00a0 \u00a0 \u00a0 \u00a0 \u00a0 \u00a0 \u00a0 \u00a0 \u00a0 \u00a0 \u00a0 \u00a0 02.01.23 &nbsp; Gerne informieren wir Sie, was...","protected":false},"author":2,"featured_media":0,"parent":0,"menu_order":0,"comment_status":"closed","ping_status":"closed","template":"","meta":{"footnotes":""},"class_list":["post-19537","page","type-page","status-publish","hentry"],"_links":{"self":[{"href":"https:\/\/parkhotel-sonnenberg.com\/en\/wp-json\/wp\/v2\/pages\/19537","targetHints":{"allow":["GET"]}}],"collection":[{"href":"https:\/\/parkhotel-sonnenberg.com\/en\/wp-json\/wp\/v2\/pages"}],"about":[{"href":"https:\/\/parkhotel-sonnenberg.com\/en\/wp-json\/wp\/v2\/types\/page"}],"author":[{"embeddable":true,"href":"https:\/\/parkhotel-sonnenberg.com\/en\/wp-json\/wp\/v2\/users\/2"}],"replies":[{"embeddable":true,"href":"https:\/\/parkhotel-sonnenberg.com\/en\/wp-json\/wp\/v2\/comments?post=19537"}],"version-history":[{"count":4,"href":"https:\/\/parkhotel-sonnenberg.com\/en\/wp-json\/wp\/v2\/pages\/19537\/revisions"}],"predecessor-version":[{"id":20329,"href":"https:\/\/parkhotel-sonnenberg.com\/en\/wp-json\/wp\/v2\/pages\/19537\/revisions\/20329"}],"wp:attachment":[{"href":"https:\/\/parkhotel-sonnenberg.com\/en\/wp-json\/wp\/v2\/media?parent=19537"}],"curies":[{"name":"wp","href":"https:\/\/api.w.org\/{rel}","templated":true}]}}