{"id":16709,"date":"2014-10-02T11:07:23","date_gmt":"2014-10-02T09:07:23","guid":{"rendered":"http:\/\/wordpress.p239825.webspaceconfig.de\/?page_id=16709"},"modified":"2023-07-12T15:38:33","modified_gmt":"2023-07-12T13:38:33","slug":"kontakt-anfahrt","status":"publish","type":"page","link":"https:\/\/parkhotel-sonnenberg.com\/en\/kontakt-anfahrt\/","title":{"rendered":"Kontakt"},"content":{"rendered":"<div class=\"wpb-content-wrapper\"><div class=\"vc_row wpb_row section vc_row-fluid\" style=' padding-bottom:30px; text-align:left;'><div class=\"full_section_inner clearfix\"><div class=\"wpb_column vc_column_container vc_col-sm-12\"><div class=\"vc_column-inner\"><div class=\"wpb_wrapper\"><div class=\"wpb_gmaps_widget wpb_content_element\"><div class=\"wpb_wrapper\"><div class=\"wpb_map_wraper\"><iframe src=\"https:\/\/www.google.com\/maps\/embed?pb=!1m18!1m12!1m3!1d2562.9319316836136!2d8.125842451814716!3d50.03137127931866!2m3!1f0!2f0!3f0!3m2!1i1024!2i768!4f13.1!3m3!1m2!1s0x47bd952fc7654faf%3A0x61e16cfbc5858318!2sParkhotel%20Sonnenberg!5e0!3m2!1spt-BR!2sbr!4v1649714044349!5m2!1spt-BR!2sbr\" width=\"600\" height=\"450\" style=\"border:0;\" allowfullscreen=\"\" loading=\"lazy\" referrerpolicy=\"no-referrer-when-downgrade\"><\/iframe><\/div><\/div><\/div><\/div><\/div><\/div><\/div><\/div><div      class=\"vc_row wpb_row section vc_row-fluid  grid_section\" style=' text-align:left;'><div class=\"section_inner clearfix\"><div class='section_inner_margin clearfix'><div class=\"wpb_column vc_column_container vc_col-sm-12\"><div class=\"vc_column-inner vc_custom_1414662242164\"><div class=\"wpb_wrapper\">\n\t<div class=\"wpb_text_column wpb_content_element\">\n\t\t<div class=\"wpb_wrapper\">\n\t\t\t<h2 style=\"text-align: center;\">Kontakt &amp; Anfahrt<\/h2>\n\n\t\t<\/div>\n\t<\/div><div class=\"separator  transparent\" style=\"margin-top: 20px;margin-bottom: 20px;\"><\/div><\/div><\/div><\/div><\/div><\/div><\/div><div      class=\"vc_row wpb_row section vc_row-fluid  grid_section\" style=' text-align:left;'><div class=\"section_inner clearfix\"><div class='section_inner_margin clearfix'><div class=\"wpb_column vc_column_container vc_col-sm-6\"><div class=\"vc_column-inner vc_custom_1414662260940\"><div class=\"wpb_wrapper\">\n\t<div class=\"wpb_text_column wpb_content_element\">\n\t\t<div class=\"wpb_wrapper\">\n\t\t\t<p style=\"text-align: right;\"><a href=\"https:\/\/goo.gl\/maps\/9SLz6NCdQEQKHBvV6\" target=\"_blank\" rel=\"noopener\">Parkhotel Sonnenberg<br \/>\nHotel Sonnenberg Betriebs-GmbH<br \/>\nFriedrichstrasse 65<br \/>\n65343 Eltville am Rhein<\/a><\/p>\n\n\t\t<\/div>\n\t<\/div><\/div><\/div><\/div><div class=\"wpb_column vc_column_container vc_col-sm-6\"><div class=\"vc_column-inner\"><div class=\"wpb_wrapper\">\n\t<div class=\"wpb_text_column wpb_content_element  vc_custom_1649714421987\">\n\t\t<div class=\"wpb_wrapper\">\n\t\t\t<p style=\"text-align: left;\">E-Mail:<a href=\"mailto:info@parkhotel-sonnenberg.com\"> info@parkhotel-sonnenberg.com<\/a><br \/>\ntelefonisch: <a href=\"tel:+490612360550\">+49 (0) 6123 &#8211; 60 55 0<\/a><br \/>\nper Telefax: +49 (0) 6123 &#8211; 61 82 9<\/p>\n\n\t\t<\/div>\n\t<\/div><\/div><\/div><\/div><\/div><\/div><\/div><div      class=\"vc_row wpb_row section vc_row-fluid  grid_section\" style=' text-align:left;'><div class=\"section_inner clearfix\"><div class='section_inner_margin clearfix'><div class=\"wpb_column vc_column_container vc_col-sm-12\"><div class=\"vc_column-inner vc_custom_1414598801884\"><div class=\"wpb_wrapper\"><div class=\"separator  transparent\" style=\"margin-top: 20px;margin-bottom: 20px;\"><\/div>\n\t<div class=\"wpb_text_column wpb_content_element\">\n\t\t<div class=\"wpb_wrapper\">\n\t\t\t<p style=\"text-align: center;\">Sie k\u00f6nnen gerne auch unverbindliche Anfragen \u00fcber unser Anfrageformular einreichen oder uns einfach \u00fcber unser Mitteilungsformular eine Nachricht zukommen lassen.<\/p>\n\n\t\t<\/div>\n\t<\/div><div class=\"separator  transparent\" style=\"margin-top: 20px;margin-bottom: 20px;\"><\/div><\/div><\/div><\/div><\/div><\/div><\/div><div      class=\"vc_row wpb_row section vc_row-fluid  grid_section\" style=' padding-top:50px; padding-bottom:30px; text-align:left;'><div class=\"section_inner clearfix\"><div class='section_inner_margin clearfix'><div class=\"wpb_column vc_column_container vc_col-sm-6\"><div class=\"vc_column-inner\"><div class=\"wpb_wrapper\">\n\t<div class=\"wpb_text_column wpb_content_element\">\n\t\t<div class=\"wpb_wrapper\">\n\t\t\t<h2>Mitteilungsformular:<\/h2>\n\n<div class=\"wpcf7 no-js\" id=\"wpcf7-f18277-o1\" lang=\"de-DE\" dir=\"ltr\" data-wpcf7-id=\"18277\">\n<div class=\"screen-reader-response\"><p role=\"status\" aria-live=\"polite\" aria-atomic=\"true\"><\/p> <ul><\/ul><\/div>\n<form action=\"\/en\/wp-json\/wp\/v2\/pages\/16709#wpcf7-f18277-o1\" method=\"post\" class=\"wpcf7-form init wpcf7-acceptance-as-validation\" aria-label=\"Kontaktformular\" novalidate=\"novalidate\" data-status=\"init\" data-trp-original-action=\"\/en\/wp-json\/wp\/v2\/pages\/16709#wpcf7-f18277-o1\">\n<fieldset class=\"hidden-fields-container\"><input type=\"hidden\" name=\"_wpcf7\" value=\"18277\" \/><input type=\"hidden\" name=\"_wpcf7_version\" value=\"6.1.5\" \/><input type=\"hidden\" name=\"_wpcf7_locale\" value=\"de_DE\" \/><input type=\"hidden\" name=\"_wpcf7_unit_tag\" value=\"wpcf7-f18277-o1\" \/><input type=\"hidden\" name=\"_wpcf7_container_post\" value=\"0\" \/><input type=\"hidden\" name=\"_wpcf7_posted_data_hash\" value=\"\" \/>\n<\/fieldset>\n<p>Your first name*\n<\/p>\n<p><span class=\"wpcf7-form-control-wrap\" data-name=\"your-name\"><input size=\"40\" maxlength=\"400\" class=\"wpcf7-form-control wpcf7-text wpcf7-validates-as-required\" aria-required=\"true\" aria-invalid=\"false\" placeholder=\"First name\" value=\"\" type=\"text\" name=\"your-name\" \/><\/span>\n<\/p>\n<p>Your last name*\n<\/p>\n<p><span class=\"wpcf7-form-control-wrap\" data-name=\"text-344\"><input size=\"40\" maxlength=\"400\" class=\"wpcf7-form-control wpcf7-text wpcf7-validates-as-required\" aria-required=\"true\" aria-invalid=\"false\" placeholder=\"Last name\" value=\"\" type=\"text\" name=\"text-344\" \/><\/span>\n<\/p>\n<p>Company\n<\/p>\n<p><span class=\"wpcf7-form-control-wrap\" data-name=\"text-812\"><input size=\"40\" maxlength=\"400\" class=\"wpcf7-form-control wpcf7-text\" aria-invalid=\"false\" placeholder=\"Company\" value=\"\" type=\"text\" name=\"text-812\" \/><\/span>\n<\/p>\n<p>Your e-mail address*\n<\/p>\n<p><span class=\"wpcf7-form-control-wrap\" data-name=\"your-email\"><input size=\"40\" maxlength=\"400\" class=\"wpcf7-form-control wpcf7-email wpcf7-validates-as-required wpcf7-text wpcf7-validates-as-email\" aria-required=\"true\" aria-invalid=\"false\" placeholder=\"E-mail\" value=\"\" type=\"email\" name=\"your-email\" \/><\/span>\n<\/p>\n<p>Message*\n<\/p>\n<p><span class=\"wpcf7-form-control-wrap\" data-name=\"your-message\"><textarea cols=\"40\" rows=\"10\" maxlength=\"2000\" class=\"wpcf7-form-control wpcf7-textarea wpcf7-validates-as-required\" aria-required=\"true\" aria-invalid=\"false\" placeholder=\"Your message\" name=\"your-message\"><\/textarea><\/span>\n<\/p>\n<p><span class=\"wpcf7-form-control-wrap\" data-name=\"konsens\"><span class=\"wpcf7-form-control wpcf7-acceptance\"><span class=\"wpcf7-list-item\"><label><input type=\"checkbox\" name=\"konsens\" value=\"1\" aria-invalid=\"false\" \/><span class=\"wpcf7-list-item-label\">I agree that my contact form data will be collected and processed to answer my request. The data will be deleted after the processing of your request has been completed. Note: You can revoke your consent for the future at any time by sending an e-mail to info@parkhotel-sonnenberg.com. Detailed information on the handling of user data can be found in our <a href=\"\/en\/datenschutz\/\">Datenschutzerkl\u00e4rung<\/a>.<\/span><\/label><\/span><\/span><\/span>\n<\/p>\n<p><input class=\"wpcf7-form-control wpcf7-submit has-spinner\" type=\"submit\" value=\"Send\" \/>\n<\/p><div class=\"wpcf7-response-output\" aria-hidden=\"true\"><\/div>\n<input type=\"hidden\" name=\"trp-form-language\" value=\"en\"\/><\/form>\n<\/div>\n\n\n\t\t<\/div>\n\t<\/div><\/div><\/div><\/div><div class=\"wpb_column vc_column_container vc_col-sm-6\"><div class=\"vc_column-inner\"><div class=\"wpb_wrapper\">\n\t<div class=\"wpb_text_column wpb_content_element\">\n\t\t<div class=\"wpb_wrapper\">\n\t\t\t<h2>Anfrageformular:<\/h2>\n\n<div class=\"wpcf7 no-js\" id=\"wpcf7-f18334-o2\" lang=\"de-DE\" dir=\"ltr\" data-wpcf7-id=\"18334\">\n<div class=\"screen-reader-response\"><p role=\"status\" aria-live=\"polite\" aria-atomic=\"true\"><\/p> <ul><\/ul><\/div>\n<form action=\"\/en\/wp-json\/wp\/v2\/pages\/16709#wpcf7-f18334-o2\" method=\"post\" class=\"wpcf7-form init wpcf7-acceptance-as-validation\" aria-label=\"Kontaktformular\" novalidate=\"novalidate\" data-status=\"init\" data-trp-original-action=\"\/en\/wp-json\/wp\/v2\/pages\/16709#wpcf7-f18334-o2\">\n<fieldset class=\"hidden-fields-container\"><input type=\"hidden\" name=\"_wpcf7\" value=\"18334\" \/><input type=\"hidden\" name=\"_wpcf7_version\" value=\"6.1.5\" \/><input type=\"hidden\" name=\"_wpcf7_locale\" value=\"de_DE\" \/><input type=\"hidden\" name=\"_wpcf7_unit_tag\" value=\"wpcf7-f18334-o2\" \/><input type=\"hidden\" name=\"_wpcf7_container_post\" value=\"0\" \/><input type=\"hidden\" name=\"_wpcf7_posted_data_hash\" value=\"\" \/>\n<\/fieldset>\n<p>Ihr Name*\n<\/p>\n<p><span class=\"wpcf7-form-control-wrap\" data-name=\"your-name\"><input size=\"40\" maxlength=\"400\" class=\"wpcf7-form-control wpcf7-text wpcf7-validates-as-required\" aria-required=\"true\" aria-invalid=\"false\" placeholder=\"Name\" value=\"\" type=\"text\" name=\"your-name\" \/><\/span>\n<\/p>\n<p>Company\n<\/p>\n<p><span class=\"wpcf7-form-control-wrap\" data-name=\"text-842\"><input size=\"40\" maxlength=\"400\" class=\"wpcf7-form-control wpcf7-text\" aria-invalid=\"false\" placeholder=\"Company\" value=\"\" type=\"text\" name=\"text-842\" \/><\/span>\n<\/p>\n<p>Telephone\n<\/p>\n<p><span class=\"wpcf7-form-control-wrap\" data-name=\"tel-420\"><input size=\"40\" maxlength=\"400\" class=\"wpcf7-form-control wpcf7-tel wpcf7-text wpcf7-validates-as-tel\" aria-invalid=\"false\" placeholder=\"Telephone\" value=\"\" type=\"tel\" name=\"tel-420\" \/><\/span>\n<\/p>\n<p>Your e-mail address*\n<\/p>\n<p><span class=\"wpcf7-form-control-wrap\" data-name=\"your-email\"><input size=\"40\" maxlength=\"400\" class=\"wpcf7-form-control wpcf7-email wpcf7-validates-as-required wpcf7-text wpcf7-validates-as-email\" aria-required=\"true\" aria-invalid=\"false\" placeholder=\"E-mail\" value=\"\" type=\"email\" name=\"your-email\" \/><\/span>\n<\/p>\n<p>Einzelelzimmer*\n<\/p>\n<p><span class=\"wpcf7-form-control-wrap\" data-name=\"number-163\"><input class=\"wpcf7-form-control wpcf7-number wpcf7-validates-as-required wpcf7-validates-as-number\" min=\"0\" aria-required=\"true\" aria-invalid=\"false\" placeholder=\"0\" value=\"\" type=\"number\" name=\"number-163\" \/><\/span>\n<\/p>\n<p>Doppelzimmer*\n<\/p>\n<p><span class=\"wpcf7-form-control-wrap\" data-name=\"doppelzimmer\"><input class=\"wpcf7-form-control wpcf7-number wpcf7-validates-as-required wpcf7-validates-as-number\" min=\"0\" aria-required=\"true\" aria-invalid=\"false\" placeholder=\"0\" value=\"\" type=\"number\" name=\"doppelzimmer\" \/><\/span>\n<\/p>\n<p>Personen*\n<\/p>\n<p><span class=\"wpcf7-form-control-wrap\" data-name=\"personen\"><input class=\"wpcf7-form-control wpcf7-number wpcf7-validates-as-required wpcf7-validates-as-number\" min=\"1\" aria-required=\"true\" aria-invalid=\"false\" placeholder=\"1\" value=\"\" type=\"number\" name=\"personen\" \/><\/span>\n<\/p>\n<p>Anreise am*\n<\/p>\n<p><span class=\"wpcf7-form-control-wrap\" data-name=\"text-80\"><input size=\"40\" maxlength=\"400\" class=\"wpcf7-form-control wpcf7-text wpcf7-validates-as-required\" aria-required=\"true\" aria-invalid=\"false\" placeholder=\"Anreisedatum\" value=\"\" type=\"text\" name=\"text-80\" \/><\/span>\n<\/p>\n<p>Abreise am*\n<\/p>\n<p><span class=\"wpcf7-form-control-wrap\" data-name=\"text-30\"><input size=\"40\" maxlength=\"400\" class=\"wpcf7-form-control wpcf7-text wpcf7-validates-as-required\" aria-required=\"true\" aria-invalid=\"false\" placeholder=\"Abreisedatum\" value=\"\" type=\"text\" name=\"text-30\" \/><\/span>\n<\/p>\n<p><span class=\"wpcf7-form-control-wrap\" data-name=\"konsens\"><span class=\"wpcf7-form-control wpcf7-acceptance\"><span class=\"wpcf7-list-item\"><label><input type=\"checkbox\" name=\"konsens\" value=\"1\" aria-invalid=\"false\" \/><span class=\"wpcf7-list-item-label\">Ich stimme zu, dass meine Angaben aus dem Kontaktformular zur Beantwortung meiner Anfrage erhoben und verarbeitet werden. Die Daten werden nach abgeschlossener Bearbeitung Ihrer Anfrage gelo?scht.? Hinweis: Sie ko?nnen Ihre Einwilligung jederzeit fu?r die Zukunft per E-Mail an info@parkhotel-sonnenberg.com widerrufen. Detaillierte Informationen zum Umgang mit Nutzerdaten finden Sie in unserer <a href=\"\/en\/datenschutz\/\">privacy policy<\/a>.<\/span><\/label><\/span><\/span><\/span>\n<\/p>\n<p><input class=\"wpcf7-form-control wpcf7-submit has-spinner\" type=\"submit\" value=\"Send\" \/>\n<\/p><div class=\"wpcf7-response-output\" aria-hidden=\"true\"><\/div>\n<input type=\"hidden\" name=\"trp-form-language\" value=\"en\"\/><\/form>\n<\/div>\n\n\n\t\t<\/div>\n\t<\/div><\/div><\/div><\/div><\/div><\/div><\/div><div      class=\"vc_row wpb_row section vc_row-fluid  grid_section\" style=' text-align:left;'><div class=\"section_inner clearfix\"><div class='section_inner_margin clearfix'><div class=\"wpb_column vc_column_container vc_col-sm-12\"><div class=\"vc_column-inner vc_custom_1414598610644\"><div class=\"wpb_wrapper\">\n\t<div class=\"wpb_text_column wpb_content_element  vc_custom_1414598755456\">\n\t\t<div class=\"wpb_wrapper\">\n\t\t\t<h2 style=\"text-align: center;\"><strong><em>Ihre Anreisem\u00f6glichkeiten zum Parkhotel Sonnenberg:<\/em><\/strong><\/h2>\n\n\t\t<\/div>\n\t<\/div>\n\t<div class=\"wpb_tabstabs_holder clearfix\" data-interval=\"0\">\n\t\t<div class=\"q_tabs horizontal center\">\n\t\t\t<ul class=\"tabs-nav\"><li><a href=\"#tab-1414598331-1-0\">Anreise mit dem Auto:<\/a><\/li><li><a href=\"#tab-1414598331-2-88\">Anreise mit der Bahn:<\/a><\/li><\/ul>\n<div class='tabs-container'>\n\t\t\t\n\t\t\t<div id=\"tab-1414598331-1-0\" class=\"tab-content\">\n\t\t\t\t\n\t<div class=\"wpb_text_column wpb_content_element\">\n\t\t<div class=\"wpb_wrapper\">\n\t\t\t<p>Mit dem Auto folgen Sie der A66 von Frankfurt aus kommend in Richtung Wiesbaden oder nehmen die A60 von Mainz nach Wiesbaden bis zum Schiersteiner Kreuz.<br \/>\nFahren Sie weiter auf der A66 in Richtung R\u00fcdesheim. Die Autobahn geht in die B42 \u00fcber. Folgen Sie dem Stra\u00dfenverlauf und bleiben Sie auf der Stra\u00dfe bis zur Abfahrt Martinsthal\/Eltville Nord. Fahren Sie Richtung Eltville ab. In Eltville angekommen, folgen Sie der Schwalbacher Stra\u00dfe in Richtung Stadtmitte, bis auf der rechten Seite ein wei\u00dfes Richtungsschild &#8222;Wohn- und Industriegebiet Ost&#8220; erscheint.<br \/>\nDort biegen Sie in die Weinbergstra\u00dfe nach links ein und fahren weiter in die Richtung &#8222;Wohn- und Industriegebiet Ost&#8220;.<br \/>\nSie gelangen automatisch auf die Friedrichstra\u00dfe, in die Sie nach links abbiegen. Auf dieser Stra\u00dfe fahren Sie, bis Sie zum Hotel auf der rechten Seite gelangen.<\/p>\n<p>&nbsp;<\/p>\n<p>Hier haben Sie die M\u00f6glichkeit Ihre Route zu uns erstellen zu lassen:<br \/>\n<a href=\"https:\/\/www.google.de\/maps\/dir\/\/Parkhotel+Sonnenberg,+Friedrichstra\u00dfe+65,+65343+Eltville+am+Rhein\/\">Jetzt Routenplaner starten<\/a><\/p>\n\n\t\t<\/div>\n\t<\/div>\n\t\t\t<\/div>\n\t\t\t<div id=\"tab-1414598331-2-88\" class=\"tab-content\">\n\t\t\t\t\n\t<div class=\"wpb_text_column wpb_content_element\">\n\t\t<div class=\"wpb_wrapper\">\n\t\t\t<p>Der n\u00e4chste Bahnhof ist der Bahnhof in Eltville.<br \/>\nDer Fu\u00dfweg von dort dauert ca. 10 Minuten.<br \/>\nVom Parkplatz am Bahnhof geht ein kleiner Fu\u00dfweg (M\u00e4lzereiweg ) in die Weinhohle. Dem folgen Sie, bis Sie rechts in die Friedrichstra\u00dfe zum Hotel einbiegen.<\/p>\n\n\t\t<\/div>\n\t<\/div>\n\t<div class=\"wpb_raw_code wpb_raw_html wpb_content_element\" >\n\t\t<div class=\"wpb_wrapper\">\n\t\t\t<script language=\"javascript\" type=\"text\/javascript\" src=\"https:\/\/banners.webmasterplan.com\/view.asp?ref=651&amp;site=2894&amp;type=html&amp;hnb=332&amp;js=1&amp;von=&amp;nach=Eltville\"><\/script> <noscript><a href=\"http:\/\/partners.webmasterplan.com\/click.asp?ref=651&amp;site=2894&amp;type=b1&amp;bnb=1\" target=\"_blank\"> <img decoding=\"async\" border=\"0\" title=\"grey-suchbanner-300x250\" alt=\"grey-suchbanner-300x250\" src=\"http:\/\/banners.webmasterplan.com\/view.asp?ref=651&amp;site=2894&amp;b=1\" \/><\/a><\/noscript>\n\t\t<\/div>\n\t<\/div>\n\n\t\t\t<\/div><\/div>\n\t\t<\/div>\n\t<\/div><\/div><\/div><\/div><\/div><\/div><\/div>\n<\/div>","protected":false},"excerpt":{"rendered":"Kontakt &amp; Anfahrt Parkhotel Sonnenberg Hotel Sonnenberg Betriebs-GmbH Friedrichstrasse 65 65343 Eltville am Rhein E-Mail: info@parkhotel-sonnenberg.com telefonisch: +49 (0) 6123 - 60 55 0 per Telefax: +49 (0) 6123 - 61 82 9 Sie k\u00f6nnen gerne auch unverbindliche Anfragen \u00fcber unser Anfrageformular einreichen oder uns...","protected":false},"author":2,"featured_media":0,"parent":0,"menu_order":0,"comment_status":"closed","ping_status":"closed","template":"full_width.php","meta":{"footnotes":""},"class_list":["post-16709","page","type-page","status-publish","hentry"],"_links":{"self":[{"href":"https:\/\/parkhotel-sonnenberg.com\/en\/wp-json\/wp\/v2\/pages\/16709","targetHints":{"allow":["GET"]}}],"collection":[{"href":"https:\/\/parkhotel-sonnenberg.com\/en\/wp-json\/wp\/v2\/pages"}],"about":[{"href":"https:\/\/parkhotel-sonnenberg.com\/en\/wp-json\/wp\/v2\/types\/page"}],"author":[{"embeddable":true,"href":"https:\/\/parkhotel-sonnenberg.com\/en\/wp-json\/wp\/v2\/users\/2"}],"replies":[{"embeddable":true,"href":"https:\/\/parkhotel-sonnenberg.com\/en\/wp-json\/wp\/v2\/comments?post=16709"}],"version-history":[{"count":4,"href":"https:\/\/parkhotel-sonnenberg.com\/en\/wp-json\/wp\/v2\/pages\/16709\/revisions"}],"predecessor-version":[{"id":19901,"href":"https:\/\/parkhotel-sonnenberg.com\/en\/wp-json\/wp\/v2\/pages\/16709\/revisions\/19901"}],"wp:attachment":[{"href":"https:\/\/parkhotel-sonnenberg.com\/en\/wp-json\/wp\/v2\/media?parent=16709"}],"curies":[{"name":"wp","href":"https:\/\/api.w.org\/{rel}","templated":true}]}}